{"id":29444,"date":"2025-08-02T05:43:15","date_gmt":"2025-08-02T05:43:15","guid":{"rendered":"https:\/\/jointoyeur44.fr\/?page_id=29444"},"modified":"2025-12-09T20:00:36","modified_gmt":"2025-12-09T20:00:36","slug":"realisations","status":"publish","type":"page","link":"https:\/\/jointoyeur44.fr\/?page_id=29444","title":{"rendered":"R\u00e9alisations"},"content":{"rendered":"\t\t<div data-elementor-type=\"wp-page\" data-elementor-id=\"29444\" class=\"elementor elementor-29444\">\n\t\t\t\t<div class=\"wd-negative-gap elementor-element elementor-element-7c7c544 e-flex e-con-boxed e-con e-parent\" data-id=\"7c7c544\" data-element_type=\"container\">\n\t\t\t\t\t<div class=\"e-con-inner\">\n\t\t<div class=\"elementor-element elementor-element-97d6084 e-con-full e-flex e-con e-child\" data-id=\"97d6084\" data-element_type=\"container\">\n\t\t\t\t<div class=\"elementor-element elementor-element-98d830b wd-width-100 elementor-widget elementor-widget-wd_title\" data-id=\"98d830b\" data-element_type=\"widget\" data-widget_type=\"wd_title.default\">\n\t\t\t\t<div class=\"elementor-widget-container\">\n\t\t\t\t\t\t\t<div class=\"title-wrapper wd-set-mb reset-last-child wd-title-color-primary wd-title-style-default wd-title-size-large text-left\">\n\n\t\t\t\t\t\t\t\t\t\t\t<div class=\"title-subtitle subtitle-color-primary subtitle-style-default wd-fontsize-xs\">\n\t\t\t\t\tD\u00e9couvrez nos vid\u00e9os et photos en bas  de page\t\t\t\t<\/div>\n\t\t\t\n\t\t\t<div class=\"liner-continer\">\n\t\t\t\t<h4 class=\"woodmart-title-container title wd-fontsize-xxl\">Nos r\u00e9alisations en jointoiement de plaque de pl\u00e2tre \u2014 Chantier apr\u00e8s chantier, un travail soign\u00e9<\/h4> \n\t\t\t\t\t\t\t<\/div>\n\n\t\t\t\t\t\t\t<div class=\"title-after_title reset-last-child wd-fontsize-s\">\n\t\t\t\t\t<p>D\u00e9couvrez en images quelques-uns des <strong>projets que j'ai r\u00e9alis\u00e9s en Loire-Atlantique et dans la r\u00e9gion Nantaise<\/strong>. Que ce soit pour des logements neufs, des r\u00e9novations ou des am\u00e9nagements professionnels, chaque chantier est ex\u00e9cut\u00e9 avec <strong>rigueur et souci du d\u00e9tail<\/strong>.<\/p>\t\t\t\t<\/div>\n\t\t\t\t\t<\/div>\n\t\t\t\t\t\t<\/div>\n\t\t\t\t<\/div>\n\t\t\t\t<div class=\"elementor-element elementor-element-66e47ad elementor-widget elementor-widget-wd_text_block\" data-id=\"66e47ad\" data-element_type=\"widget\" data-widget_type=\"wd_text_block.default\">\n\t\t\t\t<div class=\"elementor-widget-container\">\n\t\t\t\t\t\t\t<div class=\"wd-text-block reset-last-child text-left\">\n\t\t\t\n\t\t\t<p>\u00a0<\/p><h3 data-start=\"714\" data-end=\"746\">\ud83c\udfe0 <strong data-start=\"721\" data-end=\"746\">Maisons individuelles<\/strong><\/h3><p data-start=\"747\" data-end=\"923\">Pose de bandes \u00e0 joint pour des cloisons int\u00e9rieures et plafonds dans des maisons neuves.<br \/>Finitions pr\u00eates \u00e0 peindre, avec application de deux couches de finition sur demande.<\/p><hr data-start=\"974\" data-end=\"977\" \/><h3 data-start=\"979\" data-end=\"1026\">\ud83c\udfe2 <strong data-start=\"986\" data-end=\"1026\">Appartements et logements collectifs<\/strong><\/h3><p data-start=\"1027\" data-end=\"1220\">Interventions rapides sur des chantiers de logements collectifs, en collaboration avec des promoteurs immobiliers et artisans.<br \/>Respect des d\u00e9lais et qualit\u00e9 constante sur les grandes surfaces.<\/p><hr data-start=\"1281\" data-end=\"1284\" \/><h3 data-start=\"1286\" data-end=\"1330\">\ud83d\udee0\ufe0f <strong data-start=\"1294\" data-end=\"1330\">Travaux de r\u00e9novation int\u00e9rieure<\/strong><\/h3><p data-start=\"1331\" data-end=\"1489\">R\u00e9alisations sur des chantiers de r\u00e9novation : rebouchage de fissures, re-jointement, finitions soign\u00e9es dans des pi\u00e8ces \u00e0 vivre, salles de bains et cuisines.<\/p><hr data-start=\"1548\" data-end=\"1551\" \/><h3 data-start=\"1553\" data-end=\"1589\">\ud83c\udfd7\ufe0f <strong data-start=\"1561\" data-end=\"1589\">Chantiers professionnels<\/strong><\/h3><p data-start=\"1590\" data-end=\"1729\">Partenariats avec des entreprises pour la r\u00e9alisation de joints sur plaques de pl\u00e2tre dans des bureaux, commerces ou locaux professionnels.<\/p><hr data-start=\"1786\" data-end=\"1789\" \/><h2 data-start=\"1791\" data-end=\"1844\"><strong data-start=\"1794\" data-end=\"1844\">Pourquoi ces r\u00e9alisations font la diff\u00e9rence ?<\/strong><\/h2><p data-start=\"1845\" data-end=\"1904\">Chaque chantier est unique, mais la m\u00e9thode reste la m\u00eame :<\/p><ul data-start=\"1905\" data-end=\"2071\"><li data-start=\"1905\" data-end=\"1931\"><p data-start=\"1907\" data-end=\"1931\">Travail propre et rapide<\/p><\/li><li data-start=\"1932\" data-end=\"1975\"><p data-start=\"1934\" data-end=\"1975\">Finitions haut de gamme, pr\u00eates \u00e0 peindre<\/p><\/li><li data-start=\"1976\" data-end=\"2005\"><p data-start=\"1978\" data-end=\"2005\">Respect des d\u00e9lais annonc\u00e9s<\/p><\/li><li data-start=\"2006\" data-end=\"2071\"><p data-start=\"2008\" data-end=\"2071\">Conseils personnalis\u00e9s selon la configuration de votre chantier<\/p><\/li><\/ul><hr data-start=\"2073\" data-end=\"2076\" \/><p data-start=\"2078\" data-end=\"2234\">\ud83d\udcf8 <em data-start=\"2081\" data-end=\"2153\">Cette galerie est r\u00e9guli\u00e8rement mise \u00e0 jour avec nos nouveaux projets.<\/em><br data-start=\"2153\" data-end=\"2156\" \/>Pour plus d\u2019informations ou pour demander un devis, contactez-moi directement.<\/p>\n\t\t\t\t\t<\/div>\n\t\t\t\t\t\t<\/div>\n\t\t\t\t<\/div>\n\t\t\t\t<\/div>\n\t\t\t\t\t<\/div>\n\t\t\t\t<\/div>\n\t\t<div class=\"elementor-element elementor-element-8481c26 e-con-full e-flex e-con e-parent\" data-id=\"8481c26\" data-element_type=\"container\">\n\t\t\t\t<div class=\"elementor-element elementor-element-f6aacad elementor-widget elementor-widget-shortcode\" data-id=\"f6aacad\" data-element_type=\"widget\" data-widget_type=\"shortcode.default\">\n\t\t\t\t\t\t\t<div class=\"elementor-shortcode\"><\/div>\n\t\t\t\t\t\t<\/div>\n\t\t\t\t<\/div>\n\t\t<div class=\"wd-negative-gap elementor-element elementor-element-59795fa e-flex e-con-boxed e-con e-parent\" data-id=\"59795fa\" data-element_type=\"container\">\n\t\t\t\t\t<div class=\"e-con-inner\">\n\t\t\t\t<div class=\"elementor-element elementor-element-d66a211 wd-width-100 elementor-widget elementor-widget-wd_title\" data-id=\"d66a211\" data-element_type=\"widget\" data-widget_type=\"wd_title.default\">\n\t\t\t\t<div class=\"elementor-widget-container\">\n\t\t\t\t\t\t\t<div class=\"title-wrapper wd-set-mb reset-last-child wd-title-color-primary wd-title-style-default wd-title-size-large text-center\">\n\n\t\t\t\t\t\t\t\t\t\t\t<div class=\"title-subtitle subtitle-color-primary subtitle-style-default wd-fontsize-xs\">\n\t\t\t\t\tVid\u00e9os\t\t\t\t<\/div>\n\t\t\t\n\t\t\t<div class=\"liner-continer\">\n\t\t\t\t<h4 class=\"woodmart-title-container title wd-fontsize-xxl\">Vid\u00e9os <\/h4> \n\t\t\t\t\t\t\t<\/div>\n\n\t\t\t\t\t<\/div>\n\t\t\t\t\t\t<\/div>\n\t\t\t\t<\/div>\n\t\t\t\t\t<\/div>\n\t\t\t\t<\/div>\n\t\t<div class=\"wd-negative-gap elementor-element elementor-element-d0a438f e-flex e-con-boxed e-con e-parent\" data-id=\"d0a438f\" data-element_type=\"container\">\n\t\t\t\t\t<div class=\"e-con-inner\">\n\t\t\t\t<div class=\"elementor-element elementor-element-2a65335 wd-width-100 elementor-widget elementor-widget-wd_title\" data-id=\"2a65335\" data-element_type=\"widget\" data-widget_type=\"wd_title.default\">\n\t\t\t\t<div class=\"elementor-widget-container\">\n\t\t\t\t\t\t\t<div class=\"title-wrapper wd-set-mb reset-last-child wd-title-color-default wd-title-style-default wd-title-size-default text-center\">\n\n\t\t\t\n\t\t\t<div class=\"liner-continer\">\n\t\t\t\t<h4 class=\"woodmart-title-container title wd-fontsize-l\"><\/h4> \n\t\t\t\t\t\t\t<\/div>\n\n\t\t\t\t\t\t\t<div class=\"title-after_title reset-last-child wd-fontsize-xs\">\n\t\t\t\t\t<h2>Avant r\u00e9alisation<\/h2>\t\t\t\t<\/div>\n\t\t\t\t\t<\/div>\n\t\t\t\t\t\t<\/div>\n\t\t\t\t<\/div>\n\t\t\t\t\t<\/div>\n\t\t\t\t<\/div>\n\t\t<div class=\"wd-negative-gap elementor-element elementor-element-d8a6a51 e-flex e-con-boxed e-con e-parent\" data-id=\"d8a6a51\" data-element_type=\"container\">\n\t\t\t\t\t<div class=\"e-con-inner\">\n\t\t<div class=\"elementor-element elementor-element-f5a7389 e-con-full e-flex e-con e-child\" data-id=\"f5a7389\" data-element_type=\"container\">\n\t\t\t\t<\/div>\n\t\t<div class=\"elementor-element elementor-element-1ac5586 e-con-full e-flex e-con e-child\" data-id=\"1ac5586\" data-element_type=\"container\">\n\t\t\t\t<div class=\"elementor-element elementor-element-800de2b elementor-widget elementor-widget-video\" data-id=\"800de2b\" data-element_type=\"widget\" data-settings=\"{&quot;video_type&quot;:&quot;hosted&quot;,&quot;controls&quot;:&quot;yes&quot;}\" data-widget_type=\"video.default\">\n\t\t\t\t\t\t\t<div class=\"e-hosted-video elementor-wrapper elementor-open-inline\">\n\t\t\t\t\t<video class=\"elementor-video\" src=\"http:\/\/jointoyeur44.fr\/wp-content\/uploads\/2025\/10\/chantier_suce_sur_erdre_avant.mp4\" controls=\"\" preload=\"metadata\" controlsList=\"nodownload\"><\/video>\n\t\t\t\t<\/div>\n\t\t\t\t\t\t<\/div>\n\t\t\t\t<div class=\"elementor-element elementor-element-41890a3 wd-width-100 elementor-widget elementor-widget-wd_title\" data-id=\"41890a3\" data-element_type=\"widget\" data-widget_type=\"wd_title.default\">\n\t\t\t\t<div class=\"elementor-widget-container\">\n\t\t\t\t\t\t\t<div class=\"title-wrapper wd-set-mb reset-last-child wd-title-color-default wd-title-style-default wd-title-size-default text-center\">\n\n\t\t\t\n\t\t\t<div class=\"liner-continer\">\n\t\t\t\t<h4 class=\"woodmart-title-container title wd-fontsize-l\"><\/h4> \n\t\t\t\t\t\t\t<\/div>\n\n\t\t\t\t\t\t\t<div class=\"title-after_title reset-last-child wd-fontsize-xs\">\n\t\t\t\t\t<h2>Apr\u00e8s r\u00e9alisation<\/h2>\t\t\t\t<\/div>\n\t\t\t\t\t<\/div>\n\t\t\t\t\t\t<\/div>\n\t\t\t\t<\/div>\n\t\t\t\t<\/div>\n\t\t\t\t\t<\/div>\n\t\t\t\t<\/div>\n\t\t<div class=\"wd-negative-gap elementor-element elementor-element-fcf117e e-flex e-con-boxed e-con e-parent\" data-id=\"fcf117e\" data-element_type=\"container\">\n\t\t\t\t\t<div class=\"e-con-inner\">\n\t\t<div class=\"elementor-element elementor-element-3ef1e08 e-con-full e-flex e-con e-child\" data-id=\"3ef1e08\" data-element_type=\"container\">\n\t\t\t\t<\/div>\n\t\t\t\t<div class=\"elementor-element elementor-element-4deba31 elementor-widget elementor-widget-video\" data-id=\"4deba31\" data-element_type=\"widget\" data-settings=\"{&quot;video_type&quot;:&quot;hosted&quot;,&quot;controls&quot;:&quot;yes&quot;}\" data-widget_type=\"video.default\">\n\t\t\t\t\t\t\t<div class=\"e-hosted-video elementor-wrapper elementor-open-inline\">\n\t\t\t\t\t<video class=\"elementor-video\" src=\"http:\/\/jointoyeur44.fr\/wp-content\/uploads\/2025\/10\/chantier_suce_sur_erdre_apres.mp4\" controls=\"\" preload=\"metadata\" controlsList=\"nodownload\"><\/video>\n\t\t\t\t<\/div>\n\t\t\t\t\t\t<\/div>\n\t\t<div class=\"elementor-element elementor-element-4cb327a e-con-full e-flex e-con e-child\" data-id=\"4cb327a\" data-element_type=\"container\">\n\t\t\t\t<\/div>\n\t\t\t\t\t<\/div>\n\t\t\t\t<\/div>\n\t\t<div class=\"wd-negative-gap elementor-element elementor-element-e14d403 e-flex e-con-boxed e-con e-parent\" data-id=\"e14d403\" data-element_type=\"container\">\n\t\t\t\t\t<div class=\"e-con-inner\">\n\t\t\t\t<div class=\"elementor-element elementor-element-08de5cc wd-width-100 elementor-widget elementor-widget-wd_title\" data-id=\"08de5cc\" data-element_type=\"widget\" data-widget_type=\"wd_title.default\">\n\t\t\t\t<div class=\"elementor-widget-container\">\n\t\t\t\t\t\t\t<div class=\"title-wrapper wd-set-mb reset-last-child wd-title-color-default wd-title-style-default wd-title-size-default text-center\">\n\n\t\t\t\n\t\t\t<div class=\"liner-continer\">\n\t\t\t\t<h4 class=\"woodmart-title-container title wd-fontsize-l\"><\/h4> \n\t\t\t\t\t\t\t<\/div>\n\n\t\t\t\t\t\t\t<div class=\"title-after_title reset-last-child wd-fontsize-xs\">\n\t\t\t\t\t<h2>Autres r\u00e9alisations<\/h2>\t\t\t\t<\/div>\n\t\t\t\t\t<\/div>\n\t\t\t\t\t\t<\/div>\n\t\t\t\t<\/div>\n\t\t\t\t\t<\/div>\n\t\t\t\t<\/div>\n\t\t<div class=\"wd-negative-gap elementor-element elementor-element-2dcbd48 e-flex e-con-boxed e-con e-parent\" data-id=\"2dcbd48\" data-element_type=\"container\">\n\t\t\t\t\t<div class=\"e-con-inner\">\n\t\t<div class=\"elementor-element elementor-element-b7ad2ed e-con-full e-flex e-con e-child\" data-id=\"b7ad2ed\" data-element_type=\"container\">\n\t\t\t\t<div class=\"elementor-element elementor-element-3996ce4 wd-width-100 elementor-widget elementor-widget-wd_video\" data-id=\"3996ce4\" data-element_type=\"widget\" data-widget_type=\"wd_video.default\">\n\t\t\t\t<div class=\"elementor-widget-container\">\n\t\t\t\t\t\n\t\t<div class=\"wd-el-video wd-action-overlay wd-video-hosted\">\n\t\t\t\t\t\t\t<video data-lazy-load=\"http:\/\/jointoyeur44.fr\/wp-content\/uploads\/2025\/08\/WhatsApp-Video-2025-07-11-a-20.14.33_83308e5c.mp4\" playsinline muted controls><\/video>\t\t\t\n\t\t\t\n\t\t\t\n\t\t\t\t\t\t\t<div class=\"wd-el-video-overlay wd-fill\">\n\t\t\t\t\t\t\t\t\t<\/div>\n\t\t\t\t<div class=\"wd-el-video-control color-scheme-light wd-fill\">\n\t\t\t\t\t<span class=\"wd-el-video-play-btn\"><\/span>\n\t\t\t\t\t\t\t\t\t<\/div>\n\n\t\t\t\t<a class=\"wd-el-video-link wd-el-video-btn-overlay wd-fill wd-el-video-hosted\" href=\"#69d51410b086a\"><\/a>\n\t\t\t\t\t<\/div>\n\t\t\t\t\t\t<\/div>\n\t\t\t\t<\/div>\n\t\t\t\t<\/div>\n\t\t<div class=\"elementor-element elementor-element-cb3bf0a e-con-full e-flex e-con e-child\" data-id=\"cb3bf0a\" data-element_type=\"container\">\n\t\t\t\t<div class=\"elementor-element elementor-element-b096cc4 wd-width-100 elementor-widget elementor-widget-wd_video\" data-id=\"b096cc4\" data-element_type=\"widget\" data-widget_type=\"wd_video.default\">\n\t\t\t\t<div class=\"elementor-widget-container\">\n\t\t\t\t\t\n\t\t<div class=\"wd-el-video wd-action-without wd-video-hosted\">\n\t\t\t\t\t\t\t<video src=\"http:\/\/jointoyeur44.fr\/wp-content\/uploads\/2025\/08\/WhatsApp-Video-2025-07-11-a-20.14.11_9e1af85f.mp4\" playsinline controls preload=\"metadata\"><\/video>\t\t\t\n\t\t\t\n\t\t\t\n\t\t\t\t\t<\/div>\n\t\t\t\t\t\t<\/div>\n\t\t\t\t<\/div>\n\t\t\t\t<\/div>\n\t\t<div class=\"elementor-element elementor-element-1d3496c e-con-full e-flex e-con e-child\" data-id=\"1d3496c\" data-element_type=\"container\">\n\t\t\t\t<div class=\"elementor-element elementor-element-5df3e48 wd-width-100 elementor-widget elementor-widget-wd_video\" data-id=\"5df3e48\" data-element_type=\"widget\" data-widget_type=\"wd_video.default\">\n\t\t\t\t<div class=\"elementor-widget-container\">\n\t\t\t\t\t\n\t\t<div class=\"wd-el-video wd-action-without wd-video-hosted\">\n\t\t\t\t\t\t\t<video src=\"http:\/\/jointoyeur44.fr\/wp-content\/uploads\/2025\/08\/WhatsApp-Video-2025-07-11-a-20.14.57_420a847c.mp4\" playsinline controls preload=\"metadata\"><\/video>\t\t\t\n\t\t\t\n\t\t\t\n\t\t\t\t\t<\/div>\n\t\t\t\t\t\t<\/div>\n\t\t\t\t<\/div>\n\t\t\t\t<\/div>\n\t\t<div class=\"elementor-element elementor-element-ba7f76d e-con-full e-flex e-con e-child\" data-id=\"ba7f76d\" data-element_type=\"container\">\n\t\t\t\t<div class=\"elementor-element elementor-element-49d4dd8 wd-width-100 elementor-widget elementor-widget-wd_video\" data-id=\"49d4dd8\" data-element_type=\"widget\" data-widget_type=\"wd_video.default\">\n\t\t\t\t<div class=\"elementor-widget-container\">\n\t\t\t\t\t\n\t\t<div class=\"wd-el-video wd-action-without wd-video-hosted\">\n\t\t\t\t\t\t\t<video src=\"http:\/\/jointoyeur44.fr\/wp-content\/uploads\/2025\/08\/WhatsApp-Video-2025-07-11-a-20.14.11_d8772b7b.mp4\" playsinline controls preload=\"metadata\"><\/video>\t\t\t\n\t\t\t\n\t\t\t\n\t\t\t\t\t<\/div>\n\t\t\t\t\t\t<\/div>\n\t\t\t\t<\/div>\n\t\t\t\t<\/div>\n\t\t\t\t\t<\/div>\n\t\t\t\t<\/div>\n\t\t\t\t<\/div>\n\t\t","protected":false},"excerpt":{"rendered":"<p>D\u00e9couvrez nos vid\u00e9os et photos en bas de page Nos r\u00e9alisations en jointoiement de plaque de pl\u00e2tre \u2014 Chantier apr\u00e8s<\/p>\n","protected":false},"author":1,"featured_media":0,"parent":0,"menu_order":0,"comment_status":"closed","ping_status":"closed","template":"","meta":{"footnotes":""},"class_list":["post-29444","page","type-page","status-publish","hentry"],"_links":{"self":[{"href":"https:\/\/jointoyeur44.fr\/index.php?rest_route=\/wp\/v2\/pages\/29444","targetHints":{"allow":["GET"]}}],"collection":[{"href":"https:\/\/jointoyeur44.fr\/index.php?rest_route=\/wp\/v2\/pages"}],"about":[{"href":"https:\/\/jointoyeur44.fr\/index.php?rest_route=\/wp\/v2\/types\/page"}],"author":[{"embeddable":true,"href":"https:\/\/jointoyeur44.fr\/index.php?rest_route=\/wp\/v2\/users\/1"}],"replies":[{"embeddable":true,"href":"https:\/\/jointoyeur44.fr\/index.php?rest_route=%2Fwp%2Fv2%2Fcomments&post=29444"}],"version-history":[{"count":27,"href":"https:\/\/jointoyeur44.fr\/index.php?rest_route=\/wp\/v2\/pages\/29444\/revisions"}],"predecessor-version":[{"id":29603,"href":"https:\/\/jointoyeur44.fr\/index.php?rest_route=\/wp\/v2\/pages\/29444\/revisions\/29603"}],"wp:attachment":[{"href":"https:\/\/jointoyeur44.fr\/index.php?rest_route=%2Fwp%2Fv2%2Fmedia&parent=29444"}],"curies":[{"name":"wp","href":"https:\/\/api.w.org\/{rel}","templated":true}]}}