{"id":29443,"date":"2025-08-02T09:04:25","date_gmt":"2025-08-02T09:04:25","guid":{"rendered":"https:\/\/jointoyeur44.fr\/?page_id=29443"},"modified":"2025-08-02T09:42:17","modified_gmt":"2025-08-02T09:42:17","slug":"demande-de-devis","status":"publish","type":"page","link":"https:\/\/jointoyeur44.fr\/?page_id=29443","title":{"rendered":"Demande de devis"},"content":{"rendered":"\t\t<div data-elementor-type=\"wp-page\" data-elementor-id=\"29443\" class=\"elementor elementor-29443\">\n\t\t\t\t<div class=\"wd-negative-gap elementor-element elementor-element-f4116e3 e-flex e-con-boxed e-con e-parent\" data-id=\"f4116e3\" data-element_type=\"container\">\n\t\t\t\t\t<div class=\"e-con-inner\">\n\t\t\t\t<div class=\"elementor-element elementor-element-f955d57 elementor-widget elementor-widget-heading\" data-id=\"f955d57\" data-element_type=\"widget\" data-widget_type=\"heading.default\">\n\t\t\t\t\t<h1 class=\"elementor-heading-title elementor-size-default\">\ud83d\udfe2 Obtenez votre devis personnalis\u00e9\n<\/h1>\t\t\t\t<\/div>\n\t\t\t\t\t<\/div>\n\t\t\t\t<\/div>\n\t\t<div class=\"wd-negative-gap elementor-element elementor-element-8481c26 e-flex e-con-boxed e-con e-parent\" data-id=\"8481c26\" data-element_type=\"container\">\n\t\t\t\t\t<div class=\"e-con-inner\">\n\t\t\t\t<div class=\"elementor-element elementor-element-91d72b1 elementor-widget elementor-widget-wd_text_block\" data-id=\"91d72b1\" data-element_type=\"widget\" data-widget_type=\"wd_text_block.default\">\n\t\t\t\t<div class=\"elementor-widget-container\">\n\t\t\t\t\t\t\t<div class=\"wd-text-block reset-last-child text-left\">\n\t\t\t\n\t\t\t<p style=\"margin-bottom: 0px; font-style: normal; font-variant-ligatures: normal; font-variant-caps: normal; font-weight: 400; font-family: Inter, Arial, Helvetica, sans-serif; font-size: 16px;\">Vous avez un projet de travaux en plaques de pl\u00e2tre ?<br data-start=\"191\" data-end=\"194\" \/>Remplissez le formulaire ci-dessous et recevez un devis gratuit sous 48h.<br data-start=\"267\" data-end=\"270\" \/>Je m'engage \u00e0 vous r\u00e9pondre rapidement pour vous proposer une solution adapt\u00e9e \u00e0 votre chantier.<\/p>\n\t\t\t\t\t<\/div>\n\t\t\t\t\t\t<\/div>\n\t\t\t\t<\/div>\n\t\t\t\t\t<\/div>\n\t\t\t\t<\/div>\n\t\t<div class=\"wd-negative-gap elementor-element elementor-element-9d18370 e-flex e-con-boxed e-con e-parent\" data-id=\"9d18370\" data-element_type=\"container\">\n\t\t\t\t\t<div class=\"e-con-inner\">\n\t\t\t\t<div class=\"elementor-element elementor-element-eabcd3c elementor-widget elementor-widget-shortcode\" data-id=\"eabcd3c\" data-element_type=\"widget\" data-widget_type=\"shortcode.default\">\n\t\t\t\t\t\t\t<div class=\"elementor-shortcode\">\n<div class=\"wpcf7 no-js\" id=\"wpcf7-f4388-o1\" lang=\"en-US\" dir=\"ltr\" data-wpcf7-id=\"4388\">\n<div class=\"screen-reader-response\"><p role=\"status\" aria-live=\"polite\" aria-atomic=\"true\"><\/p> <ul><\/ul><\/div>\n<form action=\"\/index.php?rest_route=%2Fwp%2Fv2%2Fpages%2F29443#wpcf7-f4388-o1\" method=\"post\" class=\"wpcf7-form init\" aria-label=\"Contact form\" enctype=\"multipart\/form-data\" novalidate=\"novalidate\" data-status=\"init\">\n<fieldset class=\"hidden-fields-container\"><input type=\"hidden\" name=\"_wpcf7\" value=\"4388\" \/><input type=\"hidden\" name=\"_wpcf7_version\" value=\"6.1.2\" \/><input type=\"hidden\" name=\"_wpcf7_locale\" value=\"en_US\" \/><input type=\"hidden\" name=\"_wpcf7_unit_tag\" value=\"wpcf7-f4388-o1\" \/><input type=\"hidden\" name=\"_wpcf7_container_post\" value=\"0\" \/><input type=\"hidden\" name=\"_wpcf7_posted_data_hash\" value=\"\" \/>\n<\/fieldset>\n<div class=\"wd-grid-g\">\n\t<div class=\"wd-col\">\n\t\t<p><span class=\"wpcf7-form-control-wrap\" data-name=\"first-name\"><input size=\"40\" maxlength=\"400\" class=\"wpcf7-form-control wpcf7-text wpcf7-validates-as-required\" aria-required=\"true\" aria-invalid=\"false\" value=\"Pr\u00e9nom\" type=\"text\" name=\"first-name\" \/><\/span>\n\t\t<\/p>\n\t<\/div>\n\t<div class=\"wd-col\">\n\t\t<p><span class=\"wpcf7-form-control-wrap\" data-name=\"last-name\"><input size=\"40\" maxlength=\"400\" class=\"wpcf7-form-control wpcf7-text wpcf7-validates-as-required\" aria-required=\"true\" aria-invalid=\"false\" value=\"Nom\" type=\"text\" name=\"last-name\" \/><\/span>\n\t\t<\/p>\n\t<\/div>\n\t<div class=\"wd-col\">\n\t\t<p><span class=\"wpcf7-form-control-wrap\" data-name=\"email\"><input size=\"40\" maxlength=\"400\" class=\"wpcf7-form-control wpcf7-email wpcf7-validates-as-required wpcf7-text wpcf7-validates-as-email\" aria-required=\"true\" aria-invalid=\"false\" value=\"Adresse e-mail\" type=\"email\" name=\"email\" \/><\/span>\n\t\t<\/p>\n\t<\/div>\n\t<div class=\"wd-col\">\n\t\t<p><span class=\"wpcf7-form-control-wrap\" data-name=\"phone\"><input size=\"40\" maxlength=\"400\" class=\"wpcf7-form-control wpcf7-tel wpcf7-validates-as-required wpcf7-text wpcf7-validates-as-tel\" aria-required=\"true\" aria-invalid=\"false\" value=\"T\u00e9l\u00e9phone\" type=\"tel\" name=\"phone\" \/><\/span>\n\t\t<\/p>\n\t<\/div>\n\t<div class=\"wd-col\">\n\t\t<p><span class=\"wpcf7-form-control-wrap\" data-name=\"prestation\"><input size=\"40\" maxlength=\"400\" class=\"wpcf7-form-control wpcf7-text\" aria-invalid=\"false\" value=\"Type de prestation (Ex: joints placo murs)\" type=\"text\" name=\"prestation\" \/><\/span>\n\t\t<\/p>\n\t<\/div>\n\t<div class=\"wd-col\">\n\t\t<p><span class=\"wpcf7-form-control-wrap\" data-name=\"surface\"><input size=\"40\" maxlength=\"400\" class=\"wpcf7-form-control wpcf7-text\" aria-invalid=\"false\" value=\"Surface \u00e0 traiter (m\u00b2)\" type=\"text\" name=\"surface\" \/><\/span>\n\t\t<\/p>\n\t<\/div>\n\t<div class=\"wd-col\">\n\t\t<p><span class=\"wpcf7-form-control-wrap\" data-name=\"city\"><input size=\"40\" maxlength=\"400\" class=\"wpcf7-form-control wpcf7-text\" aria-invalid=\"false\" value=\"Code postal \/ Ville\" type=\"text\" name=\"city\" \/><\/span>\n\t\t<\/p>\n\t<\/div>\n\t<div class=\"wd-col\">\n\t\t<p><span class=\"wpcf7-form-control-wrap\" data-name=\"date\"><input class=\"wpcf7-form-control wpcf7-date wpcf7-validates-as-date\" aria-invalid=\"false\" value=\"Date souhait\u00e9e\" type=\"date\" name=\"date\" \/><\/span>\n\t\t<\/p>\n\t<\/div>\n\t<div class=\"wd-col\">\n\t\t<p><span class=\"wpcf7-form-control-wrap\" data-name=\"details\"><textarea cols=\"40\" rows=\"10\" maxlength=\"2000\" class=\"wpcf7-form-control wpcf7-textarea\" aria-invalid=\"false\" name=\"details\">D\u00e9tails suppl\u00e9mentaires<\/textarea><\/span>\n\t\t<\/p>\n\t<\/div>\n\t<div class=\"wd-col\">\n\t\t<p><span class=\"wpcf7-form-control-wrap\" data-name=\"whatsapp\"><span class=\"wpcf7-form-control wpcf7-checkbox\"><span class=\"wpcf7-list-item first last\"><label><input type=\"checkbox\" name=\"whatsapp[]\" value=\"\u00catre rappel\u00e9 sur WhatsApp ?\" \/><span class=\"wpcf7-list-item-label\">\u00catre rappel\u00e9 sur WhatsApp ?<\/span><\/label><\/span><\/span><\/span>\n\t\t<\/p>\n\t<\/div>\n\t<div class=\"wd-col\">\n\t\t<p><span class=\"wpcf7-form-control-wrap\" data-name=\"attachment\"><input size=\"40\" class=\"wpcf7-form-control wpcf7-file\" accept=\"audio\/*,video\/*,image\/*\" aria-invalid=\"false\" type=\"file\" name=\"attachment\" \/><\/span>\n\t\t<\/p>\n\t<\/div>\n\t<div class=\"wd-col\">\n\t\t<p><input class=\"wpcf7-form-control wpcf7-submit has-spinner btn btn-color-white\" type=\"submit\" value=\"Envoyer ma demande de devis\" \/>\n\t\t<\/p>\n\t<\/div>\n<\/div><div class=\"wpcf7-response-output\" aria-hidden=\"true\"><\/div>\n<\/form>\n<\/div>\n\n\n\u200b<\/div>\n\t\t\t\t\t\t<\/div>\n\t\t\t\t\t<\/div>\n\t\t\t\t<\/div>\n\t\t\t\t<\/div>\n\t\t","protected":false},"excerpt":{"rendered":"<p>\ud83d\udfe2 Obtenez votre devis personnalis\u00e9 Vous avez un projet de travaux en plaques de pl\u00e2tre ?Remplissez le formulaire ci-dessous et<\/p>\n","protected":false},"author":1,"featured_media":0,"parent":0,"menu_order":0,"comment_status":"closed","ping_status":"closed","template":"","meta":{"footnotes":""},"class_list":["post-29443","page","type-page","status-publish","hentry"],"_links":{"self":[{"href":"https:\/\/jointoyeur44.fr\/index.php?rest_route=\/wp\/v2\/pages\/29443","targetHints":{"allow":["GET"]}}],"collection":[{"href":"https:\/\/jointoyeur44.fr\/index.php?rest_route=\/wp\/v2\/pages"}],"about":[{"href":"https:\/\/jointoyeur44.fr\/index.php?rest_route=\/wp\/v2\/types\/page"}],"author":[{"embeddable":true,"href":"https:\/\/jointoyeur44.fr\/index.php?rest_route=\/wp\/v2\/users\/1"}],"replies":[{"embeddable":true,"href":"https:\/\/jointoyeur44.fr\/index.php?rest_route=%2Fwp%2Fv2%2Fcomments&post=29443"}],"version-history":[{"count":7,"href":"https:\/\/jointoyeur44.fr\/index.php?rest_route=\/wp\/v2\/pages\/29443\/revisions"}],"predecessor-version":[{"id":29476,"href":"https:\/\/jointoyeur44.fr\/index.php?rest_route=\/wp\/v2\/pages\/29443\/revisions\/29476"}],"wp:attachment":[{"href":"https:\/\/jointoyeur44.fr\/index.php?rest_route=%2Fwp%2Fv2%2Fmedia&parent=29443"}],"curies":[{"name":"wp","href":"https:\/\/api.w.org\/{rel}","templated":true}]}}